{"id":191,"date":"2025-11-09T22:15:14","date_gmt":"2025-11-09T22:15:14","guid":{"rendered":"https:\/\/spotlightentertainment.net\/?page_id=191"},"modified":"2025-11-09T22:23:02","modified_gmt":"2025-11-09T22:23:02","slug":"home","status":"publish","type":"page","link":"https:\/\/spotlightentertainment.net\/fr\/home\/","title":{"rendered":"Home"},"content":{"rendered":"<p><span dir=\"auto\" style=\"vertical-align: inherit;\"><span dir=\"auto\" style=\"vertical-align: inherit;\">Bienvenue chez Spotlight Entertainment | FAITES BRILLER LE POINT DE VUE<\/span><\/span><\/p>\n<p data-start=\"368\" data-end=\"584\"><span dir=\"auto\" style=\"vertical-align: inherit;\"><span dir=\"auto\" style=\"vertical-align: inherit;\">Bienvenue sur <\/span><\/span><strong data-start=\"393\" data-end=\"420\"><span dir=\"auto\" style=\"vertical-align: inherit;\"><span dir=\"auto\" style=\"vertical-align: inherit;\">Spotlight Entertainment<\/span><\/span><\/strong><span dir=\"auto\" style=\"vertical-align: inherit;\"><span dir=\"auto\" style=\"vertical-align: inherit;\"> , votre plateforme de r\u00e9f\u00e9rence pour d\u00e9couvrir les talents \u00e9mergents les plus prometteurs de la musique, du cin\u00e9ma et des arts. Notre mission est simple\u00a0: <\/span><\/span><strong data-start=\"544\" data-end=\"581\"><span dir=\"auto\" style=\"vertical-align: inherit;\"><span dir=\"auto\" style=\"vertical-align: inherit;\">faire briller les talents sous les projecteurs<\/span><\/span><\/strong><span dir=\"auto\" style=\"vertical-align: inherit;\"><span dir=\"auto\" style=\"vertical-align: inherit;\"> .<\/span><\/span><\/p>\n<p data-start=\"586\" data-end=\"610\"><span dir=\"auto\" style=\"vertical-align: inherit;\"><span dir=\"auto\" style=\"vertical-align: inherit;\">Ici, vous pouvez explorer\u00a0:<\/span><\/span><\/p>\n<ul data-start=\"611\" data-end=\"847\">\n<li data-start=\"611\" data-end=\"677\">\n<p data-start=\"613\" data-end=\"677\"><strong data-start=\"613\" data-end=\"634\"><span dir=\"auto\" style=\"vertical-align: inherit;\"><span dir=\"auto\" style=\"vertical-align: inherit;\">Artistes en vedette\u00a0:<\/span><\/span><\/strong><span dir=\"auto\" style=\"vertical-align: inherit;\"><span dir=\"auto\" style=\"vertical-align: inherit;\"> D\u00e9couvrez les nouveaux talents que nous sommes fiers de promouvoir.<\/span><\/span><\/p>\n<\/li>\n<li data-start=\"678\" data-end=\"754\">\n<p data-start=\"680\" data-end=\"754\"><strong data-start=\"680\" data-end=\"700\"><span dir=\"auto\" style=\"vertical-align: inherit;\"><span dir=\"auto\" style=\"vertical-align: inherit;\">Derniers articles\u00a0:<\/span><\/span><\/strong><span dir=\"auto\" style=\"vertical-align: inherit;\"><span dir=\"auto\" style=\"vertical-align: inherit;\"> Restez inform\u00e9(e) des actualit\u00e9s et tendances du divertissement.<\/span><\/span><\/p>\n<\/li>\n<li data-start=\"755\" data-end=\"847\">\n<p data-start=\"757\" data-end=\"847\"><strong data-start=\"757\" data-end=\"780\"><span dir=\"auto\" style=\"vertical-align: inherit;\"><span dir=\"auto\" style=\"vertical-align: inherit;\">Fonctionnalit\u00e9s exclusives\u00a0:<\/span><\/span><\/strong><span dir=\"auto\" style=\"vertical-align: inherit;\"><span dir=\"auto\" style=\"vertical-align: inherit;\"> R\u00e9cits des coulisses et interviews de cr\u00e9ateurs talentueux.<\/span><\/span><\/p>\n<\/li>\n<\/ul>\n<p data-start=\"849\" data-end=\"1002\"><span dir=\"auto\" style=\"vertical-align: inherit;\"><span dir=\"auto\" style=\"vertical-align: inherit;\">Que vous soyez un artiste en qu\u00eate de visibilit\u00e9 ou un fan \u00e0 la recherche de la prochaine star, Spotlight Entertainment est votre destination ultime en mati\u00e8re de divertissement.<\/span><\/span><\/p>","protected":false},"excerpt":{"rendered":"<p>Bienvenue chez Spotlight Entertainment | FAITES BRILLER LE POINT DE VUE Bienvenue sur Spotlight Entertainment , votre plateforme de r\u00e9f\u00e9rence pour d\u00e9couvrir les talents \u00e9mergents les plus prometteurs de la musique, du cin\u00e9ma et des arts. Notre mission est simple\u00a0: faire briller les talents sous les projecteurs . Ici, vous pouvez explorer\u00a0: Artistes en vedette\u00a0: [&hellip;]<\/p>","protected":false},"author":1,"featured_media":0,"parent":0,"menu_order":0,"comment_status":"closed","ping_status":"closed","template":"","meta":{"footnotes":""},"class_list":["post-191","page","type-page","status-publish","hentry"],"aioseo_notices":[],"_hostinger_reach_plugin_has_subscription_block":false,"_hostinger_reach_plugin_is_elementor":false,"jetpack_sharing_enabled":true,"_links":{"self":[{"href":"https:\/\/spotlightentertainment.net\/fr\/wp-json\/wp\/v2\/pages\/191","targetHints":{"allow":["GET"]}}],"collection":[{"href":"https:\/\/spotlightentertainment.net\/fr\/wp-json\/wp\/v2\/pages"}],"about":[{"href":"https:\/\/spotlightentertainment.net\/fr\/wp-json\/wp\/v2\/types\/page"}],"author":[{"embeddable":true,"href":"https:\/\/spotlightentertainment.net\/fr\/wp-json\/wp\/v2\/users\/1"}],"replies":[{"embeddable":true,"href":"https:\/\/spotlightentertainment.net\/fr\/wp-json\/wp\/v2\/comments?post=191"}],"version-history":[{"count":3,"href":"https:\/\/spotlightentertainment.net\/fr\/wp-json\/wp\/v2\/pages\/191\/revisions"}],"predecessor-version":[{"id":208,"href":"https:\/\/spotlightentertainment.net\/fr\/wp-json\/wp\/v2\/pages\/191\/revisions\/208"}],"wp:attachment":[{"href":"https:\/\/spotlightentertainment.net\/fr\/wp-json\/wp\/v2\/media?parent=191"}],"curies":[{"name":"wp","href":"https:\/\/api.w.org\/{rel}","templated":true}]}}